{"id":4774,"date":"2020-05-06T13:09:43","date_gmt":"2020-05-06T11:09:43","guid":{"rendered":"https:\/\/bodegasutielanas.com\/privacy-policy"},"modified":"2020-11-11T13:52:32","modified_gmt":"2020-11-11T12:52:32","slug":"privacy-policy","status":"publish","type":"page","link":"https:\/\/bodegasutielanas.com\/en\/privacy-policy","title":{"rendered":"Privacy policy"},"content":{"rendered":"<section class=\"l-section wpb_row height_auto color_primary\"><div class=\"l-section-overlay\" style=\"background:linear-gradient(180deg,#000000,#050700)\"><\/div><div class=\"l-section-h i-cf\"><div class=\"g-cols vc_row via_flex valign_top type_default stacking_default\"><div class=\"vc_col-sm-12 wpb_column vc_column_container\"><div class=\"vc_column-inner\"><div class=\"wpb_wrapper\"><h1 class=\"w-post-elm post_title us_custom_de5fe5c9 align_center entry-title color_link_inherit\">Privacy policy<\/h1><\/div><\/div><\/div><\/div><\/div><\/section><section class=\"l-section wpb_row height_medium\"><div class=\"l-section-h i-cf\"><div class=\"g-cols vc_row via_flex valign_top type_default stacking_default\"><div class=\"vc_col-sm-12 wpb_column vc_column_container\"><div class=\"vc_column-inner\"><div class=\"wpb_wrapper\"><div class=\"wpb_text_column\"><div class=\"wpb_wrapper\"><p>Siguiendo los principios de licitud, lealtad y transparencia, ponemos a su disposici\u00f3n la presente Pol\u00edtica de Privacidad.<\/p>\n<h4>\u00bfQui\u00e9n es el Responsable del tratamiento de sus datos?<\/h4>\n<p>Responsable: Cooperativa Agr\u00edcola Utiel, Coop. V<\/p>\n<p>NIF: F46027512<\/p>\n<p>Domicilio social: CALLE ACTOR RAMBAL 31, 46300, UTIEL, VALENCIA<\/p>\n<p>Email:\u00a0<a href=\"mailto:email@email.com\">maica@bodegasutielanas.com<\/a><\/p>\n<p>Tel\u00e9fono: 96 217 11 57<\/p>\n<p><!-- \/wp:paragraph -->\u00a0<\/p>\n<p><!-- wp:heading --><\/p>\n<h4>\u00bfCon qu\u00e9 finalidad tratamos sus datos personales?<\/h4>\n<p align=\"JUSTIFY\"><span lang=\"es-ES\">En Cooperativa Agr\u00edcola Utiel, Coop. V<\/span><span lang=\"es-ES\">, dependiendo de la categor\u00eda de interesado de que se trate, tratamos la informaci\u00f3n que nos facilita con las siguientes finalidades:<\/span><\/p>\n<table border=\"1\" width=\"566\" cellspacing=\"0\" cellpadding=\"7\">\n<colgroup>\n<col width=\"124\" \/>\n<col width=\"412\" \/> <\/colgroup>\n<tbody>\n<tr valign=\"TOP\">\n<td bgcolor=\"#000000\" width=\"124\">\n<p align=\"CENTER\"><span style=\"color: #ffffff;\"><b><span style=\"font-family: Trebuchet MS, serif;\"><span lang=\"es-ES\">INTERESADOS<\/span><\/span><\/b><\/span><\/p>\n<\/td>\n<td bgcolor=\"#000000\" width=\"412\">\n<p align=\"CENTER\"><span style=\"color: #ffffff;\"><b><span style=\"font-family: Trebuchet MS, serif;\"><span lang=\"es-ES\">FINALIDADES DEL TRATAMIENTO<\/span><\/span><\/b><\/span><\/p>\n<\/td>\n<\/tr>\n<tr>\n<td width=\"124\"><b><span style=\"font-family: Trebuchet MS, serif;\"><span lang=\"es-ES\">POTENCIALES CLIENTES<\/span><\/span><\/b><\/td>\n<td valign=\"TOP\" width=\"412\">\n<p align=\"JUSTIFY\"><span style=\"font-family: Trebuchet MS, serif;\"><span lang=\"es-ES\">Gestionar la potencial relaci\u00f3n comercial y\/o profesional, gestionar el env\u00edo de informaci\u00f3n solicitada y\/o resolver las consultas planteadas, facilitar ofertas de nuestros servicios y\/o productos de su inter\u00e9s.<\/span><\/span><\/p>\n<\/td>\n<\/tr>\n<tr>\n<td width=\"124\"><b><span style=\"font-family: Trebuchet MS, serif;\"><span lang=\"es-ES\">CLIENTES<\/span><\/span><\/b><\/td>\n<td valign=\"TOP\" width=\"412\">\n<p align=\"JUSTIFY\"><span style=\"font-family: Trebuchet MS, serif;\"><span lang=\"es-ES\">Gestionar la relaci\u00f3n comercial y\/o profesional, facilitar ofertas de nuestros servicios y\/o productos de su inter\u00e9s.<\/span><\/span><\/p>\n<\/td>\n<\/tr>\n<tr>\n<td width=\"124\"><b><span style=\"font-family: Trebuchet MS, serif;\"><span lang=\"es-ES\">PROVEEDORES<\/span><\/span><\/b><\/td>\n<td valign=\"TOP\" width=\"412\">\n<p align=\"JUSTIFY\"><span style=\"font-family: Trebuchet MS, serif;\"><span lang=\"es-ES\">Gestionar la relaci\u00f3n comercial y\/o profesional.<\/span><\/span><\/p>\n<\/td>\n<\/tr>\n<tr>\n<td width=\"124\"><b><span style=\"font-family: Trebuchet MS, serif;\"><span lang=\"es-ES\">CANDIDATOS<\/span><\/span><\/b><\/td>\n<td valign=\"TOP\" width=\"412\">\n<p align=\"JUSTIFY\"><span style=\"font-family: Trebuchet MS, serif;\"><span lang=\"es-ES\">Gestionar el proceso de selecci\u00f3n de personal.<\/span><\/span><\/p>\n<\/td>\n<\/tr>\n<tr valign=\"TOP\">\n<td width=\"124\"><b><span style=\"font-family: Trebuchet MS, serif;\"><span lang=\"es-ES\">USUARIOS WEB<\/span><\/span><\/b><\/td>\n<td width=\"412\">\n<p align=\"JUSTIFY\"><span style=\"font-family: Trebuchet MS, serif;\"><span lang=\"es-ES\">Gestionar el an\u00e1lisis de sus datos de navegaci\u00f3n. <\/span><\/span><\/p>\n<\/td>\n<\/tr>\n<\/tbody>\n<\/table>\n<h4><span style=\"font-family: inherit;\">\u00bfCu\u00e1l es la legitimaci\u00f3n para el tratamiento de sus datos?<\/span><\/h4>\n<p align=\"JUSTIFY\"><span lang=\"es-ES\">La base legal para el tratamiento de sus datos personales, dependiendo de la categor\u00eda de interesado de que se trate, puede ser:<\/span><\/p>\n<table border=\"1\" width=\"566\" cellspacing=\"0\" cellpadding=\"7\">\n<colgroup>\n<col width=\"124\" \/>\n<col width=\"412\" \/> <\/colgroup>\n<tbody>\n<tr valign=\"TOP\">\n<td bgcolor=\"#000000\" width=\"124\">\n<p align=\"CENTER\"><span style=\"color: #ffffff;\"><b><span style=\"font-family: Trebuchet MS, serif;\"><span lang=\"es-ES\">INTERESADOS<\/span><\/span><\/b><\/span><\/p>\n<\/td>\n<td bgcolor=\"#000000\" width=\"412\">\n<p align=\"CENTER\"><span style=\"color: #ffffff;\"><b><span style=\"font-family: Trebuchet MS, serif;\"><span lang=\"es-ES\">BASE LEGAL<\/span><\/span><\/b><\/span><\/p>\n<\/td>\n<\/tr>\n<tr>\n<td rowspan=\"3\" width=\"124\" height=\"19\"><b><span style=\"font-family: Trebuchet MS, serif;\"><span lang=\"es-ES\">POTENCIALES CLIENTES<\/span><\/span><\/b><\/td>\n<td valign=\"TOP\" width=\"412\">\n<p align=\"JUSTIFY\"><span style=\"font-family: Trebuchet MS, serif;\"><span lang=\"es-ES\">Art. 6.1.b RGPD: aplicaci\u00f3n, a petici\u00f3n del interesado, de medidas precontractuales (presupuestos, hojas de encargo, ofertas de servicios\u2026).<\/span><\/span><\/p>\n<\/td>\n<\/tr>\n<tr>\n<td valign=\"TOP\" width=\"412\">\n<p align=\"JUSTIFY\"><span style=\"font-family: Trebuchet MS, serif;\"><span lang=\"es-ES\">Art. 6.1.f RGPD: Inter\u00e9s leg\u00edtimo (enviar informaci\u00f3n solicitada, responder a las consultas planteadas\u2026).<\/span><\/span><\/p>\n<\/td>\n<\/tr>\n<tr>\n<td valign=\"TOP\" width=\"412\">\n<p align=\"JUSTIFY\"><span style=\"font-family: Trebuchet MS, serif;\"><span lang=\"es-ES\">Art. 6.1.a RGPD: consentimiento del propio interesado (facilitar ofertas de nuestros servicios y\/o productos).<\/span><\/span><\/p>\n<\/td>\n<\/tr>\n<tr>\n<td width=\"124\"><b><span style=\"font-family: Trebuchet MS, serif;\"><span lang=\"es-ES\">CLIENTES<\/span><\/span><\/b><\/td>\n<td valign=\"TOP\" width=\"412\">\n<p align=\"JUSTIFY\"><span style=\"font-family: Trebuchet MS, serif;\"><span lang=\"es-ES\">Art. 6.1.b RGPD: ejecuci\u00f3n de un contrato en el que el interesado es parte.<\/span><\/span><\/p>\n<\/td>\n<\/tr>\n<tr>\n<td width=\"124\"><b><span style=\"font-family: Trebuchet MS, serif;\"><span lang=\"es-ES\">PROVEEDORES<\/span><\/span><\/b><\/td>\n<td valign=\"TOP\" width=\"412\">\n<p align=\"JUSTIFY\"><span style=\"font-family: Trebuchet MS, serif;\"><span lang=\"es-ES\">Art. 6.1.b RGPD: ejecuci\u00f3n de un contrato en el que el interesado es parte.<\/span><\/span><\/p>\n<\/td>\n<\/tr>\n<tr>\n<td width=\"124\"><b><span style=\"font-family: Trebuchet MS, serif;\"><span lang=\"es-ES\">CANDIDATOS<\/span><\/span><\/b><\/td>\n<td valign=\"TOP\" width=\"412\">\n<p align=\"JUSTIFY\"><span style=\"font-family: Trebuchet MS, serif;\"><span lang=\"es-ES\">Art. 6.1.a RGPD: consentimiento del propio interesado.<\/span><\/span><\/p>\n<\/td>\n<\/tr>\n<tr valign=\"TOP\">\n<td width=\"124\"><b><span style=\"font-family: Trebuchet MS, serif;\"><span lang=\"es-ES\">USUARIOS WEB <\/span><\/span><\/b><\/td>\n<td width=\"412\">\n<p align=\"JUSTIFY\"><span style=\"font-family: Trebuchet MS, serif;\"><span lang=\"es-ES\">Art. 6.1.a RGPD: consentimiento del propio interesado.<\/span><\/span><\/p>\n<\/td>\n<\/tr>\n<\/tbody>\n<\/table>\n<p align=\"JUSTIFY\"><span lang=\"es-ES\">Los datos que le solicitamos son adecuados, pertinentes y estrictamente necesarios y en ning\u00fan caso est\u00e1 obligado a facilit\u00e1rnoslos, pero su no comunicaci\u00f3n podr\u00e1 afectar a la finalidad del servicio o la imposibilidad de prestarlo. <\/span><\/p>\n<h4>\u00bfPor cu\u00e1nto tiempo conservaremos sus datos personales?<\/h4>\n<p>Sus datos, ser\u00e1n conservados el tiempo m\u00ednimo necesario para la correcta prestaci\u00f3n del servicio ofrecido as\u00ed como para atender las responsabilidades que se pudieran derivar del mismo y de cualquier otra exigencia legal.<\/p>\n<h4>\u00bfA qu\u00e9 destinatarios se comunicar\u00e1n sus datos?<\/h4>\n<p align=\"JUSTIFY\"><span style=\"font-family: Trebuchet MS, serif;\"><span lang=\"es-ES\"><strong>Cooperativa Agr\u00edcola Utiel, Coop. V<\/strong>, para una correcta prestaci\u00f3n de los servicios, podr\u00e1 comunicar sus datos a:<\/span><\/span><\/p>\n<ul>\n<li>A la empresa de transporte responsable de hacerle llegar sus pedidos, y solo se le facilitar\u00e1n los datos estrictamente necesarios para lograr este cometido.<\/li>\n<\/ul>\n<p align=\"JUSTIFY\"><span style=\"font-family: Trebuchet MS, serif;\"><span lang=\"es-ES\">Adicionalmente le informamos que determinados datos, en virtud con la normativa vigente o de la relaci\u00f3n contractual que mantenga <strong>Cooperativa Agr\u00edcola Utiel, Coop. V<\/strong><\/span><\/span><span style=\"font-family: Trebuchet MS, serif;\"><span lang=\"es-ES\">, podr\u00e1n ser comunicados a:<\/span><\/span><\/p>\n<ul>\n<li>\n<p align=\"JUSTIFY\"><span style=\"font-family: Trebuchet MS, serif;\">Los bancos y entidades financieras para el cobro de los servicios contratados y\/o productos comprados.<\/span><\/p>\n<\/li>\n<li>\n<p align=\"JUSTIFY\"><span style=\"font-family: Trebuchet MS, serif;\">Administraciones p\u00fablicas con competencia en los sectores de actividad de <strong>Cooperativa Agr\u00edcola Utiel, Coop. V<\/strong><\/span><span style=\"font-family: Trebuchet MS, serif;\">, cuando as\u00ed lo establezca la normativa vigente.<\/span><\/p>\n<\/li>\n<\/ul>\n<h4>\u00bfCu\u00e1les son sus derechos cuando nos facilita sus datos?<\/h4>\n<p>Los derechos de protecci\u00f3n de datos de los que son titulares los interesados son:<\/p>\n<ul>\n<li>\u00a0 Derecho a solicitar el acceso a los datos personales relativos al interesado<\/li>\n<li>\u00a0 Derecho de rectificaci\u00f3n o supresi\u00f3n<\/li>\n<li>\u00a0 Derecho de oposici\u00f3n<\/li>\n<li>\u00a0 Derecho a solicitar la limitaci\u00f3n de su tratamiento<\/li>\n<li>\u00a0 Derecho a la portabilidad de los datos<\/li>\n<li>\u00a0 Derecho a no ser objeto de decisiones basadas \u00fanicamente en el tratamiento automatizado de datos.<\/li>\n<\/ul>\n<p align=\"JUSTIFY\"><span lang=\"es-ES\">Los titulares de los datos personales obtenidos, podr\u00e1n ejercer sus derechos de protecci\u00f3n de datos personales dirigiendo una comunicaci\u00f3n por escrito al domicilio social de <strong>Cooperativa Agr\u00edcola Utiel, Coop. V <\/strong><\/span><span lang=\"es-ES\">o al correo electr\u00f3nico habilitado a tal efecto,<\/span> <a href=\"mailto:maica@bodegasutielanas.com\"><span lang=\"es-ES\">maica@bodegasutielanas.com<\/span><\/a><span lang=\"es-ES\">. <\/span><\/p>\n<p align=\"JUSTIFY\"><span lang=\"es-ES\">Modelos, formularios y m\u00e1s informaci\u00f3n disponible sobre sus derechos en la p\u00e1gina web de la autoridad de control nacional, Agencia Espa\u00f1ola de Protecci\u00f3n de Datos, en adelante, AEPD, <\/span><a href=\"http:\/\/www.aepd.es\"><span lang=\"es-ES\">www.aepd.es<\/span><\/a><\/p>\n<h4>\u00bfPuedo retirar el consentimiento?<\/h4>\n<p align=\"JUSTIFY\"><span lang=\"es-ES\">Usted tiene la posibilidad y el derecho a retirar el consentimiento para cualquiera finalidad espec\u00edfica otorgada en su momento, sin que ello afecte a la licitud del tratamiento basado en el consentimiento previo a su retirada.<\/span><\/p>\n<h4>\u00bfD\u00f3nde puedo reclamar en caso de que considere que no se tratan mis datos correctamente?<\/h4>\n<p align=\"JUSTIFY\"><span lang=\"es-ES\">Si alg\u00fan interesado considera que sus datos no son tratados correctamente por <strong>Cooperativa Agr\u00edcola Utiel, Coop. V<\/strong><\/span><span lang=\"es-ES\">\u00a0o que las solicitudes de ejercicio de derechos no han sido atendidas de forma satisfactoria, puede interponer una reclamaci\u00f3n ante a la autoridad de protecci\u00f3n de datos que corresponda, siendo la AEPD la indicada en el territorio nacional, <\/span><a href=\"http:\/\/www.aepd.es\"><span lang=\"es-ES\">www.aepd.es<\/span><\/a><span lang=\"es-ES\">.<\/span><\/p>\n<h4>Seguridad y actualizaci\u00f3n de sus datos personales<\/h4>\n<p align=\"JUSTIFY\"><span lang=\"es-ES\">Con el objetivo de salvaguardar la seguridad de sus datos personales, le informamos que ha adoptado todas las medidas de \u00edndole t\u00e9cnica y organizativa necesarias para garantizar la seguridad de los datos personales suministrados. Todo ello para evitar su alteraci\u00f3n, p\u00e9rdida, y\/o tratamientos o accesos no autorizados, tal como exige la normativa, si bien la seguridad absoluta no existe. <\/span><\/p>\n<p align=\"JUSTIFY\"><span lang=\"es-ES\">Es importante que, para que podamos mantener sus datos personales actualizados, nos informe siempre que se produzca una modificaci\u00f3n de los mismos.<\/span><\/p>\n<h4 align=\"JUSTIFY\">Confidencialidad<\/h4>\n<p align=\"JUSTIFY\"><strong><span lang=\"es-ES\">Cooperativa Agr\u00edcola Utiel, Coop. V <\/span><\/strong><span lang=\"es-ES\">le informa que sus datos ser\u00e1n tratados con el m\u00e1ximo celo y confidencialidad por todo el personal que intervenga en cualquiera de las fases del tratamiento. No cederemos ni comunicaremos a ning\u00fan tercero sus datos, excepto en los casos legalmente previstos, o salvo que el interesado nos hubiera autorizado expresamente.<\/span><\/p>\n<\/div><\/div><\/div><\/div><\/div><\/div><\/div><\/section>","protected":false},"excerpt":{"rendered":"Privacy policy Siguiendo los principios de licitud, lealtad y transparencia, ponemos a su disposici\u00f3n la presente Pol\u00edtica de Privacidad. \u00bfQui\u00e9n es el Responsable del tratamiento de sus datos? Responsable: Cooperativa Agr\u00edcola Utiel, Coop. V NIF: F46027512 Domicilio social: CALLE ACTOR RAMBAL 31, 46300, UTIEL, VALENCIA Email:\u00a0maica@bodegasutielanas.com Tel\u00e9fono: 96 217 11 57 \u00a0 \u00bfCon qu\u00e9 finalidad...","protected":false},"author":1,"featured_media":0,"parent":0,"menu_order":0,"comment_status":"closed","ping_status":"open","template":"","meta":[],"yoast_head":"<!-- This site is optimized with the Yoast SEO plugin v20.0 - https:\/\/yoast.com\/wordpress\/plugins\/seo\/ -->\n<title>Privacy policy &raquo; Bodegas Utielanas, desde 1927<\/title>\n<meta name=\"robots\" content=\"noindex, nofollow\" \/>\n<meta property=\"og:locale\" content=\"en_US\" \/>\n<meta property=\"og:type\" content=\"article\" \/>\n<meta property=\"og:title\" content=\"Privacy policy &raquo; Bodegas Utielanas, desde 1927\" \/>\n<meta property=\"og:url\" content=\"https:\/\/bodegasutielanas.com\/en\/privacy-policy\" \/>\n<meta property=\"og:site_name\" content=\"Bodegas Utielanas, desde 1927\" \/>\n<meta property=\"article:publisher\" content=\"https:\/\/www.facebook.com\/butielanas\" \/>\n<meta property=\"article:modified_time\" content=\"2020-11-11T12:52:32+00:00\" \/>\n<meta name=\"twitter:card\" content=\"summary_large_image\" \/>\n<meta name=\"twitter:site\" content=\"@butielanas\" \/>\n<meta name=\"twitter:label1\" content=\"Est. reading time\" \/>\n\t<meta name=\"twitter:data1\" content=\"5 minutes\" \/>\n<script type=\"application\/ld+json\" class=\"yoast-schema-graph\">{\"@context\":\"https:\/\/schema.org\",\"@graph\":[{\"@type\":\"WebPage\",\"@id\":\"https:\/\/bodegasutielanas.com\/en\/privacy-policy\",\"url\":\"https:\/\/bodegasutielanas.com\/en\/privacy-policy\",\"name\":\"Privacy policy &raquo; Bodegas Utielanas, desde 1927\",\"isPartOf\":{\"@id\":\"https:\/\/bodegasutielanas.com\/#website\"},\"datePublished\":\"2020-05-06T11:09:43+00:00\",\"dateModified\":\"2020-11-11T12:52:32+00:00\",\"breadcrumb\":{\"@id\":\"https:\/\/bodegasutielanas.com\/en\/privacy-policy#breadcrumb\"},\"inLanguage\":\"en-US\",\"potentialAction\":[{\"@type\":\"ReadAction\",\"target\":[\"https:\/\/bodegasutielanas.com\/en\/privacy-policy\"]}]},{\"@type\":\"BreadcrumbList\",\"@id\":\"https:\/\/bodegasutielanas.com\/en\/privacy-policy#breadcrumb\",\"itemListElement\":[{\"@type\":\"ListItem\",\"position\":1,\"name\":\"Portada\",\"item\":\"https:\/\/bodegasutielanas.com\/en\"},{\"@type\":\"ListItem\",\"position\":2,\"name\":\"Privacy policy\"}]},{\"@type\":\"WebSite\",\"@id\":\"https:\/\/bodegasutielanas.com\/#website\",\"url\":\"https:\/\/bodegasutielanas.com\/\",\"name\":\"Bodegas Utielanas, desde 1927\",\"description\":\"Bodegas de vino Utiel-Requena\",\"publisher\":{\"@id\":\"https:\/\/bodegasutielanas.com\/#organization\"},\"potentialAction\":[{\"@type\":\"SearchAction\",\"target\":{\"@type\":\"EntryPoint\",\"urlTemplate\":\"https:\/\/bodegasutielanas.com\/?s={search_term_string}\"},\"query-input\":\"required name=search_term_string\"}],\"inLanguage\":\"en-US\"},{\"@type\":\"Organization\",\"@id\":\"https:\/\/bodegasutielanas.com\/#organization\",\"name\":\"Bodegas Utielanas\",\"url\":\"https:\/\/bodegasutielanas.com\/\",\"logo\":{\"@type\":\"ImageObject\",\"inLanguage\":\"en-US\",\"@id\":\"https:\/\/bodegasutielanas.com\/#\/schema\/logo\/image\/\",\"url\":\"https:\/\/bodegasutielanas.com\/wp-content\/uploads\/2020\/05\/logotop.png\",\"contentUrl\":\"https:\/\/bodegasutielanas.com\/wp-content\/uploads\/2020\/05\/logotop.png\",\"width\":300,\"height\":175,\"caption\":\"Bodegas Utielanas\"},\"image\":{\"@id\":\"https:\/\/bodegasutielanas.com\/#\/schema\/logo\/image\/\"},\"sameAs\":[\"https:\/\/www.instagram.com\/bodegasutielanas\",\"https:\/\/www.facebook.com\/butielanas\",\"https:\/\/twitter.com\/butielanas\"]}]}<\/script>\n<!-- \/ Yoast SEO plugin. -->","yoast_head_json":{"title":"Privacy policy &raquo; Bodegas Utielanas, desde 1927","robots":{"index":"noindex","follow":"nofollow"},"og_locale":"en_US","og_type":"article","og_title":"Privacy policy &raquo; Bodegas Utielanas, desde 1927","og_url":"https:\/\/bodegasutielanas.com\/en\/privacy-policy","og_site_name":"Bodegas Utielanas, desde 1927","article_publisher":"https:\/\/www.facebook.com\/butielanas","article_modified_time":"2020-11-11T12:52:32+00:00","twitter_card":"summary_large_image","twitter_site":"@butielanas","twitter_misc":{"Est. reading time":"5 minutes"},"schema":{"@context":"https:\/\/schema.org","@graph":[{"@type":"WebPage","@id":"https:\/\/bodegasutielanas.com\/en\/privacy-policy","url":"https:\/\/bodegasutielanas.com\/en\/privacy-policy","name":"Privacy policy &raquo; Bodegas Utielanas, desde 1927","isPartOf":{"@id":"https:\/\/bodegasutielanas.com\/#website"},"datePublished":"2020-05-06T11:09:43+00:00","dateModified":"2020-11-11T12:52:32+00:00","breadcrumb":{"@id":"https:\/\/bodegasutielanas.com\/en\/privacy-policy#breadcrumb"},"inLanguage":"en-US","potentialAction":[{"@type":"ReadAction","target":["https:\/\/bodegasutielanas.com\/en\/privacy-policy"]}]},{"@type":"BreadcrumbList","@id":"https:\/\/bodegasutielanas.com\/en\/privacy-policy#breadcrumb","itemListElement":[{"@type":"ListItem","position":1,"name":"Portada","item":"https:\/\/bodegasutielanas.com\/en"},{"@type":"ListItem","position":2,"name":"Privacy policy"}]},{"@type":"WebSite","@id":"https:\/\/bodegasutielanas.com\/#website","url":"https:\/\/bodegasutielanas.com\/","name":"Bodegas Utielanas, desde 1927","description":"Bodegas de vino Utiel-Requena","publisher":{"@id":"https:\/\/bodegasutielanas.com\/#organization"},"potentialAction":[{"@type":"SearchAction","target":{"@type":"EntryPoint","urlTemplate":"https:\/\/bodegasutielanas.com\/?s={search_term_string}"},"query-input":"required name=search_term_string"}],"inLanguage":"en-US"},{"@type":"Organization","@id":"https:\/\/bodegasutielanas.com\/#organization","name":"Bodegas Utielanas","url":"https:\/\/bodegasutielanas.com\/","logo":{"@type":"ImageObject","inLanguage":"en-US","@id":"https:\/\/bodegasutielanas.com\/#\/schema\/logo\/image\/","url":"https:\/\/bodegasutielanas.com\/wp-content\/uploads\/2020\/05\/logotop.png","contentUrl":"https:\/\/bodegasutielanas.com\/wp-content\/uploads\/2020\/05\/logotop.png","width":300,"height":175,"caption":"Bodegas Utielanas"},"image":{"@id":"https:\/\/bodegasutielanas.com\/#\/schema\/logo\/image\/"},"sameAs":["https:\/\/www.instagram.com\/bodegasutielanas","https:\/\/www.facebook.com\/butielanas","https:\/\/twitter.com\/butielanas"]}]}},"_links":{"self":[{"href":"https:\/\/bodegasutielanas.com\/en\/wp-json\/wp\/v2\/pages\/4774"}],"collection":[{"href":"https:\/\/bodegasutielanas.com\/en\/wp-json\/wp\/v2\/pages"}],"about":[{"href":"https:\/\/bodegasutielanas.com\/en\/wp-json\/wp\/v2\/types\/page"}],"author":[{"embeddable":true,"href":"https:\/\/bodegasutielanas.com\/en\/wp-json\/wp\/v2\/users\/1"}],"replies":[{"embeddable":true,"href":"https:\/\/bodegasutielanas.com\/en\/wp-json\/wp\/v2\/comments?post=4774"}],"version-history":[{"count":3,"href":"https:\/\/bodegasutielanas.com\/en\/wp-json\/wp\/v2\/pages\/4774\/revisions"}],"predecessor-version":[{"id":4870,"href":"https:\/\/bodegasutielanas.com\/en\/wp-json\/wp\/v2\/pages\/4774\/revisions\/4870"}],"wp:attachment":[{"href":"https:\/\/bodegasutielanas.com\/en\/wp-json\/wp\/v2\/media?parent=4774"}],"curies":[{"name":"wp","href":"https:\/\/api.w.org\/{rel}","templated":true}]}}