{"id":4764,"date":"2016-08-04T13:32:08","date_gmt":"2016-08-04T11:32:08","guid":{"rendered":"https:\/\/bodegasutielanas.com\/?page_id=4764"},"modified":"2020-11-11T13:21:08","modified_gmt":"2020-11-11T12:21:08","slug":"contact","status":"publish","type":"page","link":"https:\/\/bodegasutielanas.com\/en\/contact","title":{"rendered":"Contact"},"content":{"rendered":"<section class=\"l-section wpb_row height_auto color_primary with_img\"><div class=\"l-section-img\" data-img-width=\"1200\" data-img-height=\"650\" style=\"background-image: url(https:\/\/bodegasutielanas.com\/wp-content\/uploads\/2020\/06\/bodegasutielenas.jpg);background-repeat: no-repeat;\"><\/div><div class=\"l-section-overlay\" style=\"background:rgba(0,0,0,0.5)\"><\/div><div class=\"l-section-h i-cf\"><div class=\"g-cols vc_row via_flex valign_top type_default stacking_default\"><div class=\"vc_col-sm-12 wpb_column vc_column_container\"><div class=\"vc_column-inner\"><div class=\"wpb_wrapper\"><h1 class=\"w-post-elm post_title us_custom_de5fe5c9 align_center entry-title color_link_inherit\">Contact<\/h1><\/div><\/div><\/div><\/div><\/div><\/section><section class=\"l-section wpb_row height_medium\"><div class=\"l-section-h i-cf\"><div class=\"g-cols vc_row via_flex valign_top type_default stacking_default\"><div class=\"vc_col-sm-4 wpb_column vc_column_container\"><div class=\"vc_column-inner\"><div class=\"wpb_wrapper\"><div class=\"ult-just-icon-wrapper  \"><div class=\"align-icon\" style=\"text-align:center;\">\n<div class=\"aio-icon square \"  style=\"color:#ffffff;background:#333333;font-size:32px;display:inline-block;\">\n\t<i class=\"Defaults-phone\"><\/i>\n<\/div><\/div><\/div><div class=\"w-separator size_small\"><\/div><div class=\"wpb_text_column us_custom_8e09cc6b\"><div class=\"wpb_wrapper\"><h5 style=\"text-align: center;\"><a href=\"tel:+34962171157\">96 217 11 57<\/a><\/h5>\n<\/div><\/div><\/div><\/div><\/div><div class=\"vc_col-sm-4 wpb_column vc_column_container\"><div class=\"vc_column-inner\"><div class=\"wpb_wrapper\"><div class=\"ult-just-icon-wrapper  \"><div class=\"align-icon\" style=\"text-align:center;\">\n<div class=\"aio-icon square \"  style=\"color:#ffffff;background:#333333;font-size:32px;display:inline-block;\">\n\t<i class=\"Defaults-envelope-o\"><\/i>\n<\/div><\/div><\/div><div class=\"w-separator size_small\"><\/div><div class=\"wpb_text_column us_custom_8e09cc6b\"><div class=\"wpb_wrapper\"><h5 style=\"text-align: center;\"><a href=\"mailto:info@bodegasutielanas.com\">info@bodegasutielanas.com<\/a><\/h5>\n<\/div><\/div><\/div><\/div><\/div><div class=\"vc_col-sm-4 wpb_column vc_column_container\"><div class=\"vc_column-inner\"><div class=\"wpb_wrapper\"><div class=\"ult-just-icon-wrapper  \"><div class=\"align-icon\" style=\"text-align:center;\">\n<div class=\"aio-icon square \"  style=\"color:#ffffff;background:#333333;font-size:32px;display:inline-block;\">\n\t<i class=\"Defaults-share-alt\"><\/i>\n<\/div><\/div><\/div><div class=\"w-socials us_custom_f1ac96a9 color_link shape_circle style_default hover_none\"><div class=\"w-socials-list\"><div class=\"w-socials-item facebook\"><a class=\"w-socials-item-link\" href=\"https:\/\/www.facebook.com\/butielanas\" target=\"_blank\" rel=\"noopener nofollow\" title=\"Facebook\" aria-label=\"Facebook\"><span class=\"w-socials-item-link-hover\"><\/span><i class=\"fab fa-facebook\"><\/i><\/a><div class=\"w-socials-item-popup\"><span>Facebook<\/span><\/div><\/div><div class=\"w-socials-item instagram\"><a class=\"w-socials-item-link\" href=\"https:\/\/www.instagram.com\/bodegasutielanas\/\" target=\"_blank\" rel=\"noopener nofollow\" title=\"Instagram\" aria-label=\"Instagram\"><span class=\"w-socials-item-link-hover\"><\/span><i class=\"fab fa-instagram\"><\/i><\/a><div class=\"w-socials-item-popup\"><span>Instagram<\/span><\/div><\/div><div class=\"w-socials-item twitter\"><a class=\"w-socials-item-link\" href=\"https:\/\/twitter.com\/butielanas\" target=\"_blank\" rel=\"noopener nofollow\" title=\"Twitter\" aria-label=\"Twitter\"><span class=\"w-socials-item-link-hover\"><\/span><i class=\"fab fa-twitter\"><\/i><\/a><div class=\"w-socials-item-popup\"><span>Twitter<\/span><\/div><\/div><\/div><\/div><\/div><\/div><\/div><\/div><\/div><\/section><!-- Row Backgrounds --><div class=\"upb_color\" data-bg-override=\"0\" data-bg-color=\"#dddddd\" data-fadeout=\"\" data-fadeout-percentage=\"30\" data-parallax-content=\"\" data-parallax-content-sense=\"30\" data-row-effect-mobile-disable=\"true\" data-img-parallax-mobile-disable=\"true\" data-rtl=\"false\"  data-custom-vc-row=\"\"  data-vc=\"6.10.0\"  data-is_old_vc=\"\"  data-theme-support=\"\"   data-overlay=\"false\" data-overlay-color=\"\" data-overlay-pattern=\"\" data-overlay-pattern-opacity=\"\" data-overlay-pattern-size=\"\"    ><\/div><section class=\"l-section wpb_row us_custom_4edece6e height_medium\"><div class=\"l-section-h i-cf\"><div class=\"g-cols vc_row via_flex valign_middle type_default stacking_default\"><div class=\"vc_col-sm-4 wpb_column vc_column_container\"><div class=\"vc_column-inner\"><div class=\"wpb_wrapper\"><div class=\"ult-just-icon-wrapper  \"><div class=\"align-icon\" style=\"text-align:center;\">\n<div class=\"aio-icon square \"  style=\"color:#ffffff;background:#333333;font-size:32px;display:inline-block;\">\n\t<i class=\"Defaults-building-o\"><\/i>\n<\/div><\/div><\/div><div class=\"w-separator size_small\"><\/div><div class=\"wpb_text_column us_custom_8e09cc6b\"><div class=\"wpb_wrapper\"><p style=\"text-align: center;\">Office Address<\/p>\n<\/div><\/div><div class=\"wpb_text_column us_custom_8e09cc6b\"><div class=\"wpb_wrapper\"><p style=\"text-align: center;\"><strong>Calle Actor Rambal 31, 46300 Utiel &#8211; Valencia &#8211; Spain.<\/strong><\/p>\n<\/div><\/div><\/div><\/div><\/div><div class=\"vc_col-sm-8 wpb_column vc_column_container\"><div class=\"vc_column-inner\"><div class=\"wpb_wrapper\"><div class=\"wpb_text_column\"><div class=\"wpb_wrapper\"><p><iframe style=\"border: 0;\" tabindex=\"0\" src=\"https:\/\/www.google.com\/maps\/embed?pb=!1m18!1m12!1m3!1d1537.7685805196527!2d-1.2025220492405475!3d39.57004258616151!2m3!1f0!2f0!3f0!3m2!1i1024!2i768!4f13.1!3m3!1m2!1s0xd60cb5a7017ada1%3A0x8d0117d84ae3271!2sCalle%20Actor%20Rambal%2C%2031%2C%2046300%20Utiel%2C%20Valencia!5e0!3m2!1ses!2ses!4v1588934083154!5m2!1ses!2ses\" width=\"100%\" height=\"300\" frameborder=\"0\" allowfullscreen=\"allowfullscreen\" aria-hidden=\"false\"><\/iframe><\/p>\n<\/div><\/div><\/div><\/div><\/div><\/div><\/div><\/section><!-- Row Backgrounds --><div class=\"upb_color\" data-bg-override=\"0\" data-bg-color=\"#dddddd\" data-fadeout=\"\" data-fadeout-percentage=\"30\" data-parallax-content=\"\" data-parallax-content-sense=\"30\" data-row-effect-mobile-disable=\"true\" data-img-parallax-mobile-disable=\"true\" data-rtl=\"false\"  data-custom-vc-row=\"\"  data-vc=\"6.10.0\"  data-is_old_vc=\"\"  data-theme-support=\"\"   data-overlay=\"false\" data-overlay-color=\"\" data-overlay-pattern=\"\" data-overlay-pattern-opacity=\"\" data-overlay-pattern-size=\"\"    ><\/div><section class=\"l-section wpb_row height_medium\"><div class=\"l-section-h i-cf\"><div class=\"g-cols vc_row via_flex valign_middle type_default stacking_default\"><div class=\"vc_col-sm-6 wpb_column vc_column_container\"><div class=\"vc_column-inner\"><div class=\"wpb_wrapper\"><div class=\"wpb_text_column\"><div class=\"wpb_wrapper\"><p style=\"text-align: justify;\">To contact us you only need to fill in the following form and we will contact you as soon as possible:<\/p>\n<\/div><\/div>\n<div class=\"wpcf7 no-js\" id=\"wpcf7-f4765-o1\" lang=\"es-ES\" dir=\"ltr\">\n<div class=\"screen-reader-response\"><p role=\"status\" aria-live=\"polite\" aria-atomic=\"true\"><\/p> <ul><\/ul><\/div>\n<form action=\"\/en\/wp-json\/wp\/v2\/pages\/4764#wpcf7-f4765-o1\" method=\"post\" class=\"wpcf7-form init\" aria-label=\"Formulario de contacto\" novalidate=\"novalidate\" data-status=\"init\">\n<div style=\"display: none;\">\n<input type=\"hidden\" name=\"_wpcf7\" value=\"4765\" \/>\n<input type=\"hidden\" name=\"_wpcf7_version\" value=\"5.7.3\" \/>\n<input type=\"hidden\" name=\"_wpcf7_locale\" value=\"es_ES\" \/>\n<input type=\"hidden\" name=\"_wpcf7_unit_tag\" value=\"wpcf7-f4765-o1\" \/>\n<input type=\"hidden\" name=\"_wpcf7_container_post\" value=\"0\" \/>\n<input type=\"hidden\" name=\"_wpcf7_posted_data_hash\" value=\"\" \/>\n<\/div>\n<style>\nspan.wpcf7-list-item {margin:0 0 0 0;}\np {margin-bottom:0px;}\ninput[type=\"submit\"]{margin-bottom:1.5rem;}\n<\/style>\n<p><label><span class=\"wpcf7-form-control-wrap\" data-name=\"your-name\"><input size=\"40\" class=\"wpcf7-form-control wpcf7-text wpcf7-validates-as-required\" aria-required=\"true\" aria-invalid=\"false\" placeholder=\"Name and surname\" value=\"\" type=\"text\" name=\"your-name\" \/><\/span><\/label><br \/>\n<label> <span class=\"wpcf7-form-control-wrap\" data-name=\"your-email\"><input size=\"40\" class=\"wpcf7-form-control wpcf7-text wpcf7-email wpcf7-validates-as-required wpcf7-validates-as-email\" aria-required=\"true\" aria-invalid=\"false\" placeholder=\"Email\" value=\"\" type=\"email\" name=\"your-email\" \/><\/span><\/label><br \/>\n<label> <span class=\"wpcf7-form-control-wrap\" data-name=\"your-message\"><textarea cols=\"40\" rows=\"10\" class=\"wpcf7-form-control wpcf7-textarea wpcf7-validates-as-required\" aria-required=\"true\" aria-invalid=\"false\" placeholder=\"Message\" name=\"your-message\"><\/textarea><\/span> <\/label><br \/>\n<span class=\"wpcf7-form-control-wrap\" data-name=\"politica-privacidad\"><span class=\"wpcf7-form-control wpcf7-checkbox wpcf7-validates-as-required\"><span class=\"wpcf7-list-item first last\"><input type=\"checkbox\" name=\"politica-privacidad[]\" value=\"I declare that I have understood the information provided and I consent to the treatment that will be carried out on my personal data.\" tabindex=\"\" \/><span class=\"wpcf7-list-item-label\">I declare that I have understood the information provided and I consent to the treatment that will be carried out on my personal data.<\/span><\/span><\/span><\/span><br \/>\n<small><b>Basic information on data protection<\/b><br \/>\n<\/small>\n<\/p>\n<ol>\n\t<li>\n\t\t<p>RESPONSABLE: Cooperativa Agr\u00edcola Utiel, Coop. V \/ F46027512 \/ C\/ Actor Rambal 31, 46300 Utiel, (Valencia) \/ maica@bodegasutielanas.com \/ 962171157\n\t\t<\/p>\n\t<\/li>\n\t<li>\n\t\t<p>FINALIDAD PRINCIPAL: Gestionar la potencial relaci\u00f3n comercial\/profesional. Atender las consultas o remitir la informaci\u00f3n que nos solicita.\n\t\t<\/p>\n\t<\/li>\n\t<li>\n\t\t<p>DERECHOS: Acceso, rectificaci\u00f3n, supresi\u00f3n y portabilidad de sus datos, de limitaci\u00f3n y oposici\u00f3n a su tratamiento, as\u00ed como a no ser objeto de decisiones basadas \u00fanicamente en el tratamiento automatizado de sus datos, cuando procedan.\n\t\t<\/p>\n\t<\/li>\n\t<li>\n\t\t<p>INFORMACI\u00d3N ADICIONAL: Consulta la informaci\u00f3n adicional y detallada en la <a href=\"politica-privacidad\" target=\"_blank\">pol\u00edtica de privacidad<\/a>.\n\t\t<\/p>\n\t<\/li>\n<\/ol>\n<p><input class=\"wpcf7-form-control has-spinner wpcf7-submit\" type=\"submit\" value=\"Send\" \/>\n<\/p><div class=\"wpcf7-response-output\" aria-hidden=\"true\"><\/div>\n<\/form>\n<\/div>\n<\/div><\/div><\/div><div class=\"vc_col-sm-6 wpb_column vc_column_container\"><div class=\"vc_column-inner\"><div class=\"wpb_wrapper\"><div class=\"w-image align_center\"><div class=\"w-image-h\"><img width=\"488\" height=\"830\" src=\"https:\/\/bodegasutielanas.com\/wp-content\/uploads\/2020\/07\/contacto3-651x830-2.jpg\" class=\"attachment-full size-full\" alt=\"\" decoding=\"async\" srcset=\"https:\/\/bodegasutielanas.com\/wp-content\/uploads\/2020\/07\/contacto3-651x830-2.jpg 488w, https:\/\/bodegasutielanas.com\/wp-content\/uploads\/2020\/07\/contacto3-651x830-2-176x300.jpg 176w\" sizes=\"(max-width: 488px) 100vw, 488px\" \/><\/div><\/div><\/div><\/div><\/div><\/div><\/div><\/section><!-- Row Backgrounds --><div class=\"upb_color\" data-bg-override=\"0\" data-bg-color=\"#ffffff\" data-fadeout=\"\" data-fadeout-percentage=\"30\" data-parallax-content=\"\" data-parallax-content-sense=\"30\" data-row-effect-mobile-disable=\"true\" data-img-parallax-mobile-disable=\"true\" data-rtl=\"false\"  data-custom-vc-row=\"\"  data-vc=\"6.10.0\"  data-is_old_vc=\"\"  data-theme-support=\"\"   data-overlay=\"false\" data-overlay-color=\"\" data-overlay-pattern=\"\" data-overlay-pattern-opacity=\"\" data-overlay-pattern-size=\"\"    ><\/div><section class=\"l-section wpb_row us_custom_f58a0cb9 height_medium width_full with_img parallax_fixed\"><div class=\"l-section-img\" data-img-width=\"2000\" data-img-height=\"1500\" style=\"background-image: url(https:\/\/bodegasutielanas.com\/wp-content\/uploads\/2020\/07\/paralax-contacto-tiendas-2000x1500-1.jpg);\"><\/div><div class=\"l-section-overlay\" style=\"background:rgba(51,51,51,0.80)\"><\/div><div class=\"l-section-h i-cf\"><div class=\"g-cols vc_row via_flex valign_top type_default stacking_default\"><div class=\"vc_col-sm-4 wpb_column vc_column_container\"><div class=\"vc_column-inner\"><div class=\"wpb_wrapper\"><div class=\"w-image style_circle align_center\"><div class=\"w-image-h\"><img width=\"150\" height=\"150\" src=\"https:\/\/bodegasutielanas.com\/wp-content\/uploads\/2020\/07\/tienda-marin-lazaro-150.jpg\" class=\"attachment-thumbnail size-thumbnail\" alt=\"\" decoding=\"async\" \/><\/div><\/div><div class=\"wpb_text_column us_custom_98f9052a has_text_color\"><div class=\"wpb_wrapper\"><p style=\"text-align: center;\">WINE OFFICE<\/p>\n<\/div><\/div><div class=\"wpb_text_column us_custom_db59952d has_text_color\"><div class=\"wpb_wrapper\"><p style=\"text-align: center;\"><strong>Avda. Mar\u00edn L\u00e1zaro 8, Utiel (Valencia)<\/strong><\/p>\n<\/div><\/div><div class=\"wpb_text_column us_custom_db59952d has_text_color\"><div class=\"wpb_wrapper\"><h5 style=\"text-align: center;\"><span style=\"color: #f5f5f5;\"><a style=\"color: #f5f5f5;\" href=\"tel:+34630002718\">630 002 718<\/a><\/span><\/h5>\n<\/div><\/div><div class=\"wpb_text_column\"><div class=\"wpb_wrapper\"><p><iframe style=\"border: 0;\" tabindex=\"0\" src=\"https:\/\/www.google.com\/maps\/embed?pb=!1m18!1m12!1m3!1d384.4353818350596!2d-1.2064205523534808!3d39.5712623014098!2m3!1f0!2f0!3f0!3m2!1i1024!2i768!4f13.1!3m3!1m2!1s0xd60cb5198039d4f%3A0x7b37d7aa72c37233!2sAv.%20Mar%C3%ADn%20L%C3%A1zaro%2C%208%2C%2046300%20Utiel%2C%20Valencia!5e0!3m2!1ses!2ses!4v1588934767261!5m2!1ses!2ses\" width=\"100%\" height=\"450\" frameborder=\"0\" allowfullscreen=\"allowfullscreen\" aria-hidden=\"false\"><\/iframe><\/p>\n<\/div><\/div><\/div><\/div><\/div><div class=\"vc_col-sm-4 wpb_column vc_column_container\"><div class=\"vc_column-inner\"><div class=\"wpb_wrapper\"><div class=\"w-image style_circle align_center\"><div class=\"w-image-h\"><img width=\"150\" height=\"150\" src=\"https:\/\/bodegasutielanas.com\/wp-content\/uploads\/2020\/07\/vinoteca-2-150x150-1.jpg\" class=\"attachment-thumbnail size-thumbnail\" alt=\"\" decoding=\"async\" \/><\/div><\/div><div class=\"wpb_text_column us_custom_98f9052a has_text_color\"><div class=\"wpb_wrapper\"><p style=\"text-align: center;\">VINOTECA<\/p>\n<\/div><\/div><div class=\"wpb_text_column us_custom_db59952d has_text_color\"><div class=\"wpb_wrapper\"><p style=\"text-align: center;\"><strong>Pasaje de la C\/ San Fernando 20, Utiel (Valencia)<\/strong><\/p>\n<\/div><\/div><div class=\"wpb_text_column us_custom_db59952d has_text_color\"><div class=\"wpb_wrapper\"><h5 style=\"text-align: center;\"><span style=\"color: #f5f5f5;\"><a style=\"color: #f5f5f5;\" href=\"tel:+34655576111\">655 576 111<\/a><\/span><\/h5>\n<\/div><\/div><div class=\"wpb_text_column\"><div class=\"wpb_wrapper\"><p><iframe style=\"border: 0;\" tabindex=\"0\" src=\"https:\/\/www.google.com\/maps\/embed?pb=!1m18!1m12!1m3!1d384.4611119354561!2d-1.2026351535466342!3d39.566621881295426!2m3!1f0!2f0!3f0!3m2!1i1024!2i768!4f13.1!3m3!1m2!1s0xd60cb59dfa40e05%3A0xa462f91b32cb66cb!2sCalle%20San%20Fernando%2C%2020%2C%2046300%20Utiel%2C%20Valencia!5e0!3m2!1ses!2ses!4v1588935368475!5m2!1ses!2ses\" width=\"100%\" height=\"450\" frameborder=\"0\" allowfullscreen=\"allowfullscreen\" aria-hidden=\"false\"><\/iframe><\/p>\n<\/div><\/div><\/div><\/div><\/div><div class=\"vc_col-sm-4 wpb_column vc_column_container\"><div class=\"vc_column-inner\"><div class=\"wpb_wrapper\"><div class=\"w-image style_circle align_center\"><div class=\"w-image-h\"><img width=\"150\" height=\"150\" src=\"https:\/\/bodegasutielanas.com\/wp-content\/uploads\/2020\/07\/sensada-150x150-1.jpg\" class=\"attachment-thumbnail size-thumbnail\" alt=\"\" decoding=\"async\" \/><\/div><\/div><div class=\"wpb_text_column us_custom_98f9052a has_text_color\"><div class=\"wpb_wrapper\"><p style=\"text-align: center;\">SENSADA SHOP<\/p>\n<\/div><\/div><div class=\"wpb_text_column us_custom_db59952d has_text_color\"><div class=\"wpb_wrapper\"><p style=\"text-align: center;\"><strong>C\/ Valdelinares, 19 bajo, Valencia<\/strong><\/p>\n<\/div><\/div><div class=\"wpb_text_column us_custom_db59952d has_text_color\"><div class=\"wpb_wrapper\"><h5 style=\"text-align: center;\"><span style=\"color: #f5f5f5;\"><a style=\"color: #f5f5f5;\" href=\"tel:+34616488558\">616 488 558<\/a><\/span><\/h5>\n<\/div><\/div><div class=\"wpb_text_column\"><div class=\"wpb_wrapper\"><p><iframe style=\"border: 0;\" tabindex=\"0\" src=\"https:\/\/www.google.com\/maps\/embed?pb=!1m18!1m12!1m3!1d3079.485735622844!2d-0.3979100846323215!3d39.48094517948491!2m3!1f0!2f0!3f0!3m2!1i1024!2i768!4f13.1!3m3!1m2!1s0xd604f60d153bca5%3A0xe8579485c9c90780!2sCalle%20Valdelinares%2C%2019%2C%2046015%20Valencia!5e0!3m2!1ses!2ses!4v1594296298618!5m2!1ses!2ses\" width=\"100%\" height=\"450\" frameborder=\"0\" allowfullscreen=\"allowfullscreen\" aria-hidden=\"false\"><\/iframe><\/p>\n<\/div><\/div><\/div><\/div><\/div><\/div><\/div><\/section><!-- Row Backgrounds --><div class=\"upb_color\" data-bg-override=\"0\" data-bg-color=\"#dddddd\" data-fadeout=\"\" data-fadeout-percentage=\"30\" data-parallax-content=\"\" data-parallax-content-sense=\"30\" data-row-effect-mobile-disable=\"true\" data-img-parallax-mobile-disable=\"true\" data-rtl=\"false\"  data-custom-vc-row=\"\"  data-vc=\"6.10.0\"  data-is_old_vc=\"\"  data-theme-support=\"\"   data-overlay=\"false\" data-overlay-color=\"\" data-overlay-pattern=\"\" data-overlay-pattern-opacity=\"\" data-overlay-pattern-size=\"\"    ><\/div>\n","protected":false},"excerpt":{"rendered":"Contact 96 217 11 57 info@bodegasutielanas.com FacebookInstagramTwitter Office Address Calle Actor Rambal 31, 46300 Utiel &#8211; Valencia &#8211; Spain. To contact us you only need to fill in the following form and we will contact you as soon as possible: I declare that I have understood the information provided and I consent to the treatment...","protected":false},"author":1,"featured_media":0,"parent":0,"menu_order":0,"comment_status":"closed","ping_status":"closed","template":"","meta":[],"yoast_head":"<!-- This site is optimized with the Yoast SEO plugin v20.0 - https:\/\/yoast.com\/wordpress\/plugins\/seo\/ -->\n<title>Contact &raquo; Bodegas Utielanas, desde 1927<\/title>\n<meta name=\"robots\" content=\"index, follow, max-snippet:-1, max-image-preview:large, max-video-preview:-1\" \/>\n<link rel=\"canonical\" href=\"https:\/\/bodegasutielanas.com\/en\/contact\" \/>\n<meta property=\"og:locale\" content=\"en_US\" \/>\n<meta property=\"og:type\" content=\"article\" \/>\n<meta property=\"og:title\" content=\"Contact &raquo; Bodegas Utielanas, desde 1927\" \/>\n<meta property=\"og:url\" content=\"https:\/\/bodegasutielanas.com\/en\/contact\" \/>\n<meta property=\"og:site_name\" content=\"Bodegas Utielanas, desde 1927\" \/>\n<meta property=\"article:publisher\" content=\"https:\/\/www.facebook.com\/butielanas\" \/>\n<meta property=\"article:modified_time\" content=\"2020-11-11T12:21:08+00:00\" \/>\n<meta name=\"twitter:card\" content=\"summary_large_image\" \/>\n<meta name=\"twitter:site\" content=\"@butielanas\" \/>\n<meta name=\"twitter:label1\" content=\"Est. reading time\" \/>\n\t<meta name=\"twitter:data1\" content=\"4 minutes\" \/>\n<script type=\"application\/ld+json\" class=\"yoast-schema-graph\">{\"@context\":\"https:\/\/schema.org\",\"@graph\":[{\"@type\":\"WebPage\",\"@id\":\"https:\/\/bodegasutielanas.com\/en\/contact\",\"url\":\"https:\/\/bodegasutielanas.com\/en\/contact\",\"name\":\"Contact &raquo; Bodegas Utielanas, desde 1927\",\"isPartOf\":{\"@id\":\"https:\/\/bodegasutielanas.com\/#website\"},\"datePublished\":\"2016-08-04T11:32:08+00:00\",\"dateModified\":\"2020-11-11T12:21:08+00:00\",\"breadcrumb\":{\"@id\":\"https:\/\/bodegasutielanas.com\/en\/contact#breadcrumb\"},\"inLanguage\":\"en-US\",\"potentialAction\":[{\"@type\":\"ReadAction\",\"target\":[\"https:\/\/bodegasutielanas.com\/en\/contact\"]}]},{\"@type\":\"BreadcrumbList\",\"@id\":\"https:\/\/bodegasutielanas.com\/en\/contact#breadcrumb\",\"itemListElement\":[{\"@type\":\"ListItem\",\"position\":1,\"name\":\"Portada\",\"item\":\"https:\/\/bodegasutielanas.com\/en\"},{\"@type\":\"ListItem\",\"position\":2,\"name\":\"Contact\"}]},{\"@type\":\"WebSite\",\"@id\":\"https:\/\/bodegasutielanas.com\/#website\",\"url\":\"https:\/\/bodegasutielanas.com\/\",\"name\":\"Bodegas Utielanas, desde 1927\",\"description\":\"Bodegas de vino Utiel-Requena\",\"publisher\":{\"@id\":\"https:\/\/bodegasutielanas.com\/#organization\"},\"potentialAction\":[{\"@type\":\"SearchAction\",\"target\":{\"@type\":\"EntryPoint\",\"urlTemplate\":\"https:\/\/bodegasutielanas.com\/?s={search_term_string}\"},\"query-input\":\"required name=search_term_string\"}],\"inLanguage\":\"en-US\"},{\"@type\":\"Organization\",\"@id\":\"https:\/\/bodegasutielanas.com\/#organization\",\"name\":\"Bodegas Utielanas\",\"url\":\"https:\/\/bodegasutielanas.com\/\",\"logo\":{\"@type\":\"ImageObject\",\"inLanguage\":\"en-US\",\"@id\":\"https:\/\/bodegasutielanas.com\/#\/schema\/logo\/image\/\",\"url\":\"https:\/\/bodegasutielanas.com\/wp-content\/uploads\/2020\/05\/logotop.png\",\"contentUrl\":\"https:\/\/bodegasutielanas.com\/wp-content\/uploads\/2020\/05\/logotop.png\",\"width\":300,\"height\":175,\"caption\":\"Bodegas Utielanas\"},\"image\":{\"@id\":\"https:\/\/bodegasutielanas.com\/#\/schema\/logo\/image\/\"},\"sameAs\":[\"https:\/\/www.instagram.com\/bodegasutielanas\",\"https:\/\/www.facebook.com\/butielanas\",\"https:\/\/twitter.com\/butielanas\"]}]}<\/script>\n<!-- \/ Yoast SEO plugin. -->","yoast_head_json":{"title":"Contact &raquo; Bodegas Utielanas, desde 1927","robots":{"index":"index","follow":"follow","max-snippet":"max-snippet:-1","max-image-preview":"max-image-preview:large","max-video-preview":"max-video-preview:-1"},"canonical":"https:\/\/bodegasutielanas.com\/en\/contact","og_locale":"en_US","og_type":"article","og_title":"Contact &raquo; Bodegas Utielanas, desde 1927","og_url":"https:\/\/bodegasutielanas.com\/en\/contact","og_site_name":"Bodegas Utielanas, desde 1927","article_publisher":"https:\/\/www.facebook.com\/butielanas","article_modified_time":"2020-11-11T12:21:08+00:00","twitter_card":"summary_large_image","twitter_site":"@butielanas","twitter_misc":{"Est. reading time":"4 minutes"},"schema":{"@context":"https:\/\/schema.org","@graph":[{"@type":"WebPage","@id":"https:\/\/bodegasutielanas.com\/en\/contact","url":"https:\/\/bodegasutielanas.com\/en\/contact","name":"Contact &raquo; Bodegas Utielanas, desde 1927","isPartOf":{"@id":"https:\/\/bodegasutielanas.com\/#website"},"datePublished":"2016-08-04T11:32:08+00:00","dateModified":"2020-11-11T12:21:08+00:00","breadcrumb":{"@id":"https:\/\/bodegasutielanas.com\/en\/contact#breadcrumb"},"inLanguage":"en-US","potentialAction":[{"@type":"ReadAction","target":["https:\/\/bodegasutielanas.com\/en\/contact"]}]},{"@type":"BreadcrumbList","@id":"https:\/\/bodegasutielanas.com\/en\/contact#breadcrumb","itemListElement":[{"@type":"ListItem","position":1,"name":"Portada","item":"https:\/\/bodegasutielanas.com\/en"},{"@type":"ListItem","position":2,"name":"Contact"}]},{"@type":"WebSite","@id":"https:\/\/bodegasutielanas.com\/#website","url":"https:\/\/bodegasutielanas.com\/","name":"Bodegas Utielanas, desde 1927","description":"Bodegas de vino Utiel-Requena","publisher":{"@id":"https:\/\/bodegasutielanas.com\/#organization"},"potentialAction":[{"@type":"SearchAction","target":{"@type":"EntryPoint","urlTemplate":"https:\/\/bodegasutielanas.com\/?s={search_term_string}"},"query-input":"required name=search_term_string"}],"inLanguage":"en-US"},{"@type":"Organization","@id":"https:\/\/bodegasutielanas.com\/#organization","name":"Bodegas Utielanas","url":"https:\/\/bodegasutielanas.com\/","logo":{"@type":"ImageObject","inLanguage":"en-US","@id":"https:\/\/bodegasutielanas.com\/#\/schema\/logo\/image\/","url":"https:\/\/bodegasutielanas.com\/wp-content\/uploads\/2020\/05\/logotop.png","contentUrl":"https:\/\/bodegasutielanas.com\/wp-content\/uploads\/2020\/05\/logotop.png","width":300,"height":175,"caption":"Bodegas Utielanas"},"image":{"@id":"https:\/\/bodegasutielanas.com\/#\/schema\/logo\/image\/"},"sameAs":["https:\/\/www.instagram.com\/bodegasutielanas","https:\/\/www.facebook.com\/butielanas","https:\/\/twitter.com\/butielanas"]}]}},"_links":{"self":[{"href":"https:\/\/bodegasutielanas.com\/en\/wp-json\/wp\/v2\/pages\/4764"}],"collection":[{"href":"https:\/\/bodegasutielanas.com\/en\/wp-json\/wp\/v2\/pages"}],"about":[{"href":"https:\/\/bodegasutielanas.com\/en\/wp-json\/wp\/v2\/types\/page"}],"author":[{"embeddable":true,"href":"https:\/\/bodegasutielanas.com\/en\/wp-json\/wp\/v2\/users\/1"}],"replies":[{"embeddable":true,"href":"https:\/\/bodegasutielanas.com\/en\/wp-json\/wp\/v2\/comments?post=4764"}],"version-history":[{"count":4,"href":"https:\/\/bodegasutielanas.com\/en\/wp-json\/wp\/v2\/pages\/4764\/revisions"}],"predecessor-version":[{"id":4862,"href":"https:\/\/bodegasutielanas.com\/en\/wp-json\/wp\/v2\/pages\/4764\/revisions\/4862"}],"wp:attachment":[{"href":"https:\/\/bodegasutielanas.com\/en\/wp-json\/wp\/v2\/media?parent=4764"}],"curies":[{"name":"wp","href":"https:\/\/api.w.org\/{rel}","templated":true}]}}