{"id":4561,"date":"2020-09-25T14:31:13","date_gmt":"2020-09-25T12:31:13","guid":{"rendered":"https:\/\/bodegasutielanas.com\/shop"},"modified":"2020-09-29T13:06:05","modified_gmt":"2020-09-29T11:06:05","slug":"shop","status":"publish","type":"page","link":"https:\/\/bodegasutielanas.com\/en\/shop","title":{"rendered":"Shop"},"content":{"rendered":"","protected":false},"excerpt":{"rendered":"","protected":false},"author":1,"featured_media":4567,"parent":0,"menu_order":0,"comment_status":"closed","ping_status":"closed","template":"","meta":[],"yoast_head":"<!-- This site is optimized with the Yoast SEO plugin v20.0 - https:\/\/yoast.com\/wordpress\/plugins\/seo\/ -->\n<title>Shop &raquo; Bodegas Utielanas, desde 1927 &raquo; Vinos Utiel-Requena<\/title>\n<meta name=\"description\" content=\"Aqu\u00ed est\u00e1n todos los vinos de Bodehas Utielanas. Vinos con denominaci\u00f3n de origen Utiel-Requena que sin duda te sugerimos que descubras.\" \/>\n<meta name=\"robots\" content=\"index, follow, max-snippet:-1, max-image-preview:large, max-video-preview:-1\" \/>\n<link rel=\"canonical\" href=\"https:\/\/bodegasutielanas.com\/en\/shop\" \/>\n<meta property=\"og:locale\" content=\"en_US\" \/>\n<meta property=\"og:type\" content=\"article\" \/>\n<meta property=\"og:title\" content=\"Shop &raquo; Bodegas Utielanas, desde 1927 &raquo; Vinos Utiel-Requena\" \/>\n<meta property=\"og:description\" content=\"Aqu\u00ed est\u00e1n todos los vinos de Bodehas Utielanas. Vinos con denominaci\u00f3n de origen Utiel-Requena que sin duda te sugerimos que descubras.\" \/>\n<meta property=\"og:url\" content=\"https:\/\/bodegasutielanas.com\/en\/shop\" \/>\n<meta property=\"og:site_name\" content=\"Bodegas Utielanas, desde 1927\" \/>\n<meta property=\"article:publisher\" content=\"https:\/\/www.facebook.com\/butielanas\" \/>\n<meta property=\"article:modified_time\" content=\"2020-09-29T11:06:05+00:00\" \/>\n<meta property=\"og:image\" content=\"https:\/\/bodegasutielanas.com\/wp-content\/uploads\/2020\/06\/bodegasutielenas.jpg\" \/>\n\t<meta property=\"og:image:width\" content=\"1200\" \/>\n\t<meta property=\"og:image:height\" content=\"650\" \/>\n\t<meta property=\"og:image:type\" content=\"image\/jpeg\" \/>\n<meta name=\"twitter:card\" content=\"summary_large_image\" \/>\n<meta name=\"twitter:site\" content=\"@butielanas\" \/>\n<script type=\"application\/ld+json\" class=\"yoast-schema-graph\">{\"@context\":\"https:\/\/schema.org\",\"@graph\":[{\"@type\":\"WebPage\",\"@id\":\"https:\/\/bodegasutielanas.com\/en\/shop\",\"url\":\"https:\/\/bodegasutielanas.com\/en\/shop\",\"name\":\"Shop &raquo; Bodegas Utielanas, desde 1927 &raquo; Vinos Utiel-Requena\",\"isPartOf\":{\"@id\":\"https:\/\/bodegasutielanas.com\/#website\"},\"datePublished\":\"2020-09-25T12:31:13+00:00\",\"dateModified\":\"2020-09-29T11:06:05+00:00\",\"description\":\"Aqu\u00ed est\u00e1n todos los vinos de Bodehas Utielanas. Vinos con denominaci\u00f3n de origen Utiel-Requena que sin duda te sugerimos que descubras.\",\"breadcrumb\":{\"@id\":\"https:\/\/bodegasutielanas.com\/en\/shop#breadcrumb\"},\"inLanguage\":\"en-US\",\"potentialAction\":[{\"@type\":\"ReadAction\",\"target\":[\"https:\/\/bodegasutielanas.com\/en\/shop\"]}]},{\"@type\":\"BreadcrumbList\",\"@id\":\"https:\/\/bodegasutielanas.com\/en\/shop#breadcrumb\",\"itemListElement\":[{\"@type\":\"ListItem\",\"position\":1,\"name\":\"Portada\",\"item\":\"https:\/\/bodegasutielanas.com\/en\"},{\"@type\":\"ListItem\",\"position\":2,\"name\":\"Shop\"}]},{\"@type\":\"WebSite\",\"@id\":\"https:\/\/bodegasutielanas.com\/#website\",\"url\":\"https:\/\/bodegasutielanas.com\/\",\"name\":\"Bodegas Utielanas, desde 1927\",\"description\":\"Bodegas de vino Utiel-Requena\",\"publisher\":{\"@id\":\"https:\/\/bodegasutielanas.com\/#organization\"},\"potentialAction\":[{\"@type\":\"SearchAction\",\"target\":{\"@type\":\"EntryPoint\",\"urlTemplate\":\"https:\/\/bodegasutielanas.com\/?s={search_term_string}\"},\"query-input\":\"required name=search_term_string\"}],\"inLanguage\":\"en-US\"},{\"@type\":\"Organization\",\"@id\":\"https:\/\/bodegasutielanas.com\/#organization\",\"name\":\"Bodegas Utielanas\",\"url\":\"https:\/\/bodegasutielanas.com\/\",\"logo\":{\"@type\":\"ImageObject\",\"inLanguage\":\"en-US\",\"@id\":\"https:\/\/bodegasutielanas.com\/#\/schema\/logo\/image\/\",\"url\":\"https:\/\/bodegasutielanas.com\/wp-content\/uploads\/2020\/05\/logotop.png\",\"contentUrl\":\"https:\/\/bodegasutielanas.com\/wp-content\/uploads\/2020\/05\/logotop.png\",\"width\":300,\"height\":175,\"caption\":\"Bodegas Utielanas\"},\"image\":{\"@id\":\"https:\/\/bodegasutielanas.com\/#\/schema\/logo\/image\/\"},\"sameAs\":[\"https:\/\/www.instagram.com\/bodegasutielanas\",\"https:\/\/www.facebook.com\/butielanas\",\"https:\/\/twitter.com\/butielanas\"]}]}<\/script>\n<!-- \/ Yoast SEO plugin. -->","yoast_head_json":{"title":"Shop &raquo; Bodegas Utielanas, desde 1927 &raquo; Vinos Utiel-Requena","description":"Aqu\u00ed est\u00e1n todos los vinos de Bodehas Utielanas. Vinos con denominaci\u00f3n de origen Utiel-Requena que sin duda te sugerimos que descubras.","robots":{"index":"index","follow":"follow","max-snippet":"max-snippet:-1","max-image-preview":"max-image-preview:large","max-video-preview":"max-video-preview:-1"},"canonical":"https:\/\/bodegasutielanas.com\/en\/shop","og_locale":"en_US","og_type":"article","og_title":"Shop &raquo; Bodegas Utielanas, desde 1927 &raquo; Vinos Utiel-Requena","og_description":"Aqu\u00ed est\u00e1n todos los vinos de Bodehas Utielanas. Vinos con denominaci\u00f3n de origen Utiel-Requena que sin duda te sugerimos que descubras.","og_url":"https:\/\/bodegasutielanas.com\/en\/shop","og_site_name":"Bodegas Utielanas, desde 1927","article_publisher":"https:\/\/www.facebook.com\/butielanas","article_modified_time":"2020-09-29T11:06:05+00:00","og_image":[{"width":1200,"height":650,"url":"https:\/\/bodegasutielanas.com\/wp-content\/uploads\/2020\/06\/bodegasutielenas.jpg","type":"image\/jpeg"}],"twitter_card":"summary_large_image","twitter_site":"@butielanas","schema":{"@context":"https:\/\/schema.org","@graph":[{"@type":"WebPage","@id":"https:\/\/bodegasutielanas.com\/en\/shop","url":"https:\/\/bodegasutielanas.com\/en\/shop","name":"Shop &raquo; Bodegas Utielanas, desde 1927 &raquo; Vinos Utiel-Requena","isPartOf":{"@id":"https:\/\/bodegasutielanas.com\/#website"},"datePublished":"2020-09-25T12:31:13+00:00","dateModified":"2020-09-29T11:06:05+00:00","description":"Aqu\u00ed est\u00e1n todos los vinos de Bodehas Utielanas. Vinos con denominaci\u00f3n de origen Utiel-Requena que sin duda te sugerimos que descubras.","breadcrumb":{"@id":"https:\/\/bodegasutielanas.com\/en\/shop#breadcrumb"},"inLanguage":"en-US","potentialAction":[{"@type":"ReadAction","target":["https:\/\/bodegasutielanas.com\/en\/shop"]}]},{"@type":"BreadcrumbList","@id":"https:\/\/bodegasutielanas.com\/en\/shop#breadcrumb","itemListElement":[{"@type":"ListItem","position":1,"name":"Portada","item":"https:\/\/bodegasutielanas.com\/en"},{"@type":"ListItem","position":2,"name":"Shop"}]},{"@type":"WebSite","@id":"https:\/\/bodegasutielanas.com\/#website","url":"https:\/\/bodegasutielanas.com\/","name":"Bodegas Utielanas, desde 1927","description":"Bodegas de vino Utiel-Requena","publisher":{"@id":"https:\/\/bodegasutielanas.com\/#organization"},"potentialAction":[{"@type":"SearchAction","target":{"@type":"EntryPoint","urlTemplate":"https:\/\/bodegasutielanas.com\/?s={search_term_string}"},"query-input":"required name=search_term_string"}],"inLanguage":"en-US"},{"@type":"Organization","@id":"https:\/\/bodegasutielanas.com\/#organization","name":"Bodegas Utielanas","url":"https:\/\/bodegasutielanas.com\/","logo":{"@type":"ImageObject","inLanguage":"en-US","@id":"https:\/\/bodegasutielanas.com\/#\/schema\/logo\/image\/","url":"https:\/\/bodegasutielanas.com\/wp-content\/uploads\/2020\/05\/logotop.png","contentUrl":"https:\/\/bodegasutielanas.com\/wp-content\/uploads\/2020\/05\/logotop.png","width":300,"height":175,"caption":"Bodegas Utielanas"},"image":{"@id":"https:\/\/bodegasutielanas.com\/#\/schema\/logo\/image\/"},"sameAs":["https:\/\/www.instagram.com\/bodegasutielanas","https:\/\/www.facebook.com\/butielanas","https:\/\/twitter.com\/butielanas"]}]}},"_links":{"self":[{"href":"https:\/\/bodegasutielanas.com\/en\/wp-json\/wp\/v2\/pages\/4561"}],"collection":[{"href":"https:\/\/bodegasutielanas.com\/en\/wp-json\/wp\/v2\/pages"}],"about":[{"href":"https:\/\/bodegasutielanas.com\/en\/wp-json\/wp\/v2\/types\/page"}],"author":[{"embeddable":true,"href":"https:\/\/bodegasutielanas.com\/en\/wp-json\/wp\/v2\/users\/1"}],"replies":[{"embeddable":true,"href":"https:\/\/bodegasutielanas.com\/en\/wp-json\/wp\/v2\/comments?post=4561"}],"version-history":[{"count":1,"href":"https:\/\/bodegasutielanas.com\/en\/wp-json\/wp\/v2\/pages\/4561\/revisions"}],"predecessor-version":[{"id":4566,"href":"https:\/\/bodegasutielanas.com\/en\/wp-json\/wp\/v2\/pages\/4561\/revisions\/4566"}],"wp:featuredmedia":[{"embeddable":true,"href":"https:\/\/bodegasutielanas.com\/en\/wp-json\/wp\/v2\/media\/4567"}],"wp:attachment":[{"href":"https:\/\/bodegasutielanas.com\/en\/wp-json\/wp\/v2\/media?parent=4561"}],"curies":[{"name":"wp","href":"https:\/\/api.w.org\/{rel}","templated":true}]}}